{"id":8337,"date":"2023-03-08T14:14:01","date_gmt":"2023-03-08T13:14:01","guid":{"rendered":"https:\/\/naga-art.pl\/?page_id=8337"},"modified":"2023-04-14T11:56:31","modified_gmt":"2023-04-14T09:56:31","slug":"wspolpraca-join","status":"publish","type":"page","link":"https:\/\/naga-art.pl\/?page_id=8337","title":{"rendered":"Wsp\u00f3\u0142praca \/ Join"},"content":{"rendered":"<p>[vc_row][vc_column][vc_column_text]<\/p>\n<p>Zar\u00f3wno Galeria NAGA jak i NAGA Studio \/ sala warsztatowa \/ ch\u0119tnie podejmuj\u0105 wsp\u00f3\u0142prac\u0119.<\/p>\n\n<p>Skontaktuj si\u0119 z nami w celu popozycji warsztat\u00f3w, wysta<\/p>\n\n<p>tel.: <strong>505 27 11 11<\/strong><\/p>\n\n<p>e-mail.: <strong>gallery@naga-art.pl<\/strong>.<\/p>\n\n<p>&nbsp;<\/p>\n<p>[\/vc_column_text][\/vc_column][\/vc_row]<\/p>\n","protected":false},"excerpt":{"rendered":"<p>[vc_row][vc_column][vc_column_text] Zar\u00f3wno Galeria NAGA jak i NAGA Studio \/ sala warsztatowa \/ ch\u0119tnie podejmuj\u0105 wsp\u00f3\u0142prac\u0119. Skontaktuj si\u0119 z nami w celu popozycji warsztat\u00f3w, wysta tel.: 505 27 11 11 e-mail.: gallery@naga-art.pl. &nbsp; [\/vc_column_text][\/vc_column][\/vc_row]<\/p>\n","protected":false},"author":1,"featured_media":0,"parent":0,"menu_order":0,"comment_status":"closed","ping_status":"closed","template":"","meta":{"footnotes":""},"class_list":["post-8337","page","type-page","status-publish","hentry"],"_links":{"self":[{"href":"https:\/\/naga-art.pl\/index.php?rest_route=\/wp\/v2\/pages\/8337","targetHints":{"allow":["GET"]}}],"collection":[{"href":"https:\/\/naga-art.pl\/index.php?rest_route=\/wp\/v2\/pages"}],"about":[{"href":"https:\/\/naga-art.pl\/index.php?rest_route=\/wp\/v2\/types\/page"}],"author":[{"embeddable":true,"href":"https:\/\/naga-art.pl\/index.php?rest_route=\/wp\/v2\/users\/1"}],"replies":[{"embeddable":true,"href":"https:\/\/naga-art.pl\/index.php?rest_route=%2Fwp%2Fv2%2Fcomments&post=8337"}],"version-history":[{"count":3,"href":"https:\/\/naga-art.pl\/index.php?rest_route=\/wp\/v2\/pages\/8337\/revisions"}],"predecessor-version":[{"id":8424,"href":"https:\/\/naga-art.pl\/index.php?rest_route=\/wp\/v2\/pages\/8337\/revisions\/8424"}],"wp:attachment":[{"href":"https:\/\/naga-art.pl\/index.php?rest_route=%2Fwp%2Fv2%2Fmedia&parent=8337"}],"curies":[{"name":"wp","href":"https:\/\/api.w.org\/{rel}","templated":true}]}}